{"id":4926,"date":"2024-03-07T12:37:31","date_gmt":"2024-03-07T12:37:31","guid":{"rendered":"https:\/\/kahfguard.com\/gizlilik-politikasi\/"},"modified":"2024-06-15T14:58:25","modified_gmt":"2024-06-15T14:58:25","slug":"gizlilik-politikasi","status":"publish","type":"page","link":"https:\/\/kahfguard.kahf.co\/tr\/gizlilik-politikasi\/","title":{"rendered":"Gizlilik Politikas\u0131"},"content":{"rendered":"\n<p><\/p>\n\n<p><strong>Son G\u00fcncelleme: 7\/3\/2024<\/strong><\/p>\n\n<p><strong>Biz Kimiz?<\/strong><\/p>\n\n<p>Kahf Guard, Halalz Ltd. (&#8220;Halalz&#8221;, &#8220;biz&#8221;, &#8220;bizim&#8221; veya &#8220;bize&#8221;) taraf\u0131ndan sa\u011flanan bir hizmettir. Gizlili\u011finizi koruma ve ki\u015fisel bilgilerinizin g\u00fcvenli\u011fini sa\u011flama konusunda taahh\u00fctte bulunuyoruz. Ki\u015fisel bilgilerinizi bu Gizlilik Politikas\u0131 ve ge\u00e7erli veri koruma yasalar\u0131na uygun olarak topluyor ve i\u015fliyoruz. Sizin g\u00fcveniniz bizim i\u00e7in \u00f6nemlidir, verilerinizi nas\u0131l kulland\u0131\u011f\u0131m\u0131z konusunda \u015feffaf olmaya kendimizi adam\u0131\u015f durumday\u0131z.<\/p>\n\n<p><strong>Hangi Ki\u015fisel Bilgileri Topluyoruz?<\/strong><\/p>\n\n<p>Kahf Guard olarak, hizmetlerimizi sa\u011flamak ve iyile\u015ftirmek i\u00e7in gereken k\u0131s\u0131tl\u0131 verileri topluyoruz. \u015eu anda h\u0131z s\u0131n\u0131rlamas\u0131 amac\u0131yla yaln\u0131zca IP adreslerini toplamaktay\u0131z. Ayr\u0131ca, taray\u0131c\u0131 uzant\u0131m\u0131z\u0131 y\u00fcklemeyi se\u00e7erseniz, kurulum kolayl\u0131\u011f\u0131 i\u00e7in VPN ayr\u0131nt\u0131lar\u0131n\u0131 cihaz\u0131n\u0131z\u0131n anahtarl\u0131\u011f\u0131na kaydedebiliriz.<\/p>\n\n<p><strong>Kullan\u0131m Verilerinin Toplanmas\u0131<\/strong><\/p>\n\n<p>Web sitemizi ziyaret etti\u011finizde ya da hizmetlerimizi kulland\u0131\u011f\u0131n\u0131zda, Google Analytics gibi \u00fc\u00e7\u00fcnc\u00fc taraf analiz hizmetleri arac\u0131l\u0131\u011f\u0131yla kullan\u0131m verilerini toplayabiliriz. Bu hizmetler, sayfa g\u00f6r\u00fcnt\u00fclemeleri, oturum s\u00fcresi ve di\u011fer web sitesi kullan\u0131m verileri gibi bilgileri i\u00e7ermektedir; bu veriler, kullan\u0131c\u0131lar\u0131n sitelerimiz ve hizmetlerimizle nas\u0131l etkile\u015fimde bulundu\u011funu anlamam\u0131za yard\u0131mc\u0131 olur. Verilerinizin nas\u0131l i\u015flendi\u011fi hakk\u0131nda daha fazla bilgi i\u00e7in l\u00fctfen bu \u00fc\u00e7\u00fcnc\u00fc taraf hizmetlerinin gizlilik politikalar\u0131na g\u00f6z at\u0131n. <\/p>\n\n<ul class=\"wp-block-list\">\n<li><a href=\"https:\/\/policies.google.com\/privacy\" target=\"_blank\" rel=\"noopener\">Google Analytics<\/a><\/li>\n<\/ul>\n\n<p>\u00dc\u00e7\u00fcnc\u00fc taraf veri toplama i\u015flemlerini analiz amac\u0131yla g\u00fcncelledi\u011fimizde, bu b\u00f6l\u00fcm\u00fc bildirimde bulunmaks\u0131z\u0131n g\u00fcncelleyebiliriz. <\/p>\n\n<p><strong>Ki\u015fisel Verilerinizi Nas\u0131l Kullan\u0131yoruz?<\/strong><\/p>\n\n<p>Gizlili\u011finizi sayg\u0131yla koruma taahh\u00fcd\u00fcnde bulunuyoruz ve sadece ki\u015fisel verilerinizi me\u015fru ama\u00e7lar i\u00e7in kullan\u0131yoruz. Toplad\u0131\u011f\u0131m\u0131z veriler hizmetlerimizi iyile\u015ftirmek ve h\u0131z s\u0131n\u0131rlamas\u0131 yoluyla adil kullan\u0131m\u0131 sa\u011flamak gibi sadece i\u00e7sel ama\u00e7lar i\u00e7in kullan\u0131l\u0131r. Bu verileri hi\u00e7bir \u00fc\u00e7\u00fcnc\u00fc tarafla payla\u015fm\u0131yoruz.<\/p>\n\n<p><strong>Haklar\u0131n\u0131z<\/strong><\/p>\n\n<p>Kahf Guard taraf\u0131ndan tutulan ki\u015fisel verilerinize eri\u015fme, bunlar\u0131 d\u00fczeltme veya silme hakk\u0131na sahipsiniz. Hakk\u0131n\u0131zda tuttu\u011fumuz veriler hakk\u0131nda bilgi almak veya silinmesini talep etmek isterseniz l\u00fctfen bizimle support@kahfguard.com adresinden ileti\u015fime ge\u00e7in. Taleplerinize 30 g\u00fcn i\u00e7erisinde yan\u0131t verece\u011fiz.<\/p>\n\n<p><strong>Veri G\u00fcvenli\u011fi \u00d6nlemleri<\/strong><\/p>\n\n<p>Ki\u015fisel verilerinizin g\u00fcvenli\u011fini ciddiye al\u0131yoruz ve yetkisiz eri\u015fim, de\u011fi\u015fiklik, a\u00e7\u0131klama veya yok edilmesine kar\u015f\u0131 korumak i\u00e7in \u00f6nlemler alm\u0131\u015f bulunmaktay\u0131z. Alm\u0131\u015f oldu\u011fumuz bu \u00f6nlemler aras\u0131nda \u015fifreleme, eri\u015fim kontrolleri ve d\u00fczenli g\u00fcvenlik g\u00fcncellemeleri bulunmaktad\u0131r.<\/p>\n\n<p><strong>Kahf Guard DNS Hangi Verileri Ne Zaman Toplayabilir?<\/strong><\/p>\n\n<p>Kullan\u0131c\u0131 hakk\u0131nda \u00f6zel olarak hi\u00e7bir \u015fey toplam\u0131yoruz. Di\u011fer bir deyi\u015fle, IP adresiniz veya sizinle ilgili herhangi bir veri kaydedilmemektedir.<\/p>\n\n<p>DNS sunucular\u0131m\u0131z\u0131n toplam performans metriklerini, \u00f6zellikle belirli bir sunucuya yap\u0131lan tamamlanm\u0131\u015f isteklerin say\u0131s\u0131n\u0131, engellenen isteklerin say\u0131s\u0131n\u0131 ve isteklerin i\u015flenme h\u0131z\u0131n\u0131 sakl\u0131yoruz.<\/p>\n\n<p>Son 24 saat i\u00e7inde talep edilen alan adlar\u0131na ait anonim veri taban\u0131n\u0131 sakl\u0131yor ve muhafaza ediyoruz. Bu alan adlar\u0131ndan herhangi birini, iste\u011fi g\u00f6nderen as\u0131l kullan\u0131c\u0131ya ba\u011flayabilecek hi\u00e7bir bilgi bulunmamaktad\u0131r. Bu bilgiler, yeni izleyicileri ve tehditleri tespit edip engellememizi sa\u011flamak i\u00e7indir gereklidir.<\/p>\n\n<p>Ayr\u0131ca herhangi bir izleyicinin ka\u00e7 kez engellendi\u011fini de kaydediyoruz. G\u00fcncelli\u011fini yitirmi\u015f kurallar\u0131 filtrelerimizden kald\u0131rmak i\u00e7in bu bilgiye ihtiyac\u0131m\u0131z var.<\/p>\n\n<p>Toplad\u0131\u011f\u0131m\u0131z t\u00fcm veriler hi\u00e7bir \u00fc\u00e7\u00fcnc\u00fc tarafla payla\u015f\u0131lmaz. Yaln\u0131zca performans analiti\u011fi gibi dahili ama\u00e7lar i\u00e7in kullan\u0131l\u0131r. Muhtemelen payla\u015fabilece\u011fimiz tek bilgi t\u00fcrevlerdir, yani sunucular\u0131m\u0131z\u0131n reklam, takip veya k\u00f6t\u00fc ama\u00e7l\u0131 olarak tan\u0131d\u0131\u011f\u0131 alan adlar\u0131n\u0131n listesi olabilir.<\/p>\n\n<p><strong>Bu Gizlilik Politikas\u0131ndaki De\u011fi\u015fiklikler<\/strong><\/p>\n\n<p>Kahf Guard, yasal gerekliliklere veya i\u015f uygulamalar\u0131ndaki de\u011fi\u015fikliklere uygun olarak bu Gizlilik Politikas\u0131n\u0131 zaman zaman g\u00fcncelleyebilir. Herhangi bir g\u00fcncellemeden haberdar olman\u0131z i\u00e7in bu politikay\u0131 d\u00fczenli aral\u0131klarla incelemenizi \u00f6neririz. Herhangi bir b\u00f6l\u00fcmde aksi belirtilmedi\u011fi s\u00fcrece, gizlilik haklar\u0131n\u0131z\u0131 etkileyen \u00f6nemli de\u011fi\u015fiklikler yapt\u0131\u011f\u0131m\u0131zda, mevcut y\u00f6ntemlerle bildirimde bulunaca\u011f\u0131z.<\/p>\n\n<p><strong>Bize Ula\u015f\u0131n<\/strong><\/p>\n\n<p>Gizlilik Politikam\u0131z veya veri uygulamalar\u0131m\u0131z hakk\u0131nda herhangi bir sorunuz veya endi\u015feniz varsa l\u00fctfen support@kahfdns.com adresinden bizimle ileti\u015fime ge\u00e7mekten \u00e7ekinmeyin.<\/p>\n","protected":false},"excerpt":{"rendered":"<p>Son G\u00fcncelleme: 7\/3\/2024 Biz Kimiz? Kahf Guard, Halalz Ltd. (&#8220;Halalz&#8221;, &#8220;biz&#8221;, &#8220;bizim&#8221; veya &#8220;bize&#8221;) taraf\u0131ndan sa\u011flanan bir hizmettir. Gizlili\u011finizi koruma ve ki\u015fisel bilgilerinizin g\u00fcvenli\u011fini sa\u011flama konusunda taahh\u00fctte bulunuyoruz. Ki\u015fisel bilgilerinizi bu Gizlilik Politikas\u0131 ve ge\u00e7erli veri koruma yasalar\u0131na uygun olarak topluyor ve i\u015fliyoruz. Sizin g\u00fcveniniz bizim i\u00e7in \u00f6nemlidir, verilerinizi nas\u0131l kulland\u0131\u011f\u0131m\u0131z konusunda \u015feffaf olmaya kendimizi [&hellip;]<\/p>\n","protected":false},"author":10,"featured_media":0,"parent":0,"menu_order":0,"comment_status":"closed","ping_status":"closed","template":"","meta":{"inline_featured_image":false,"footnotes":""},"class_list":["post-4926","page","type-page","status-publish","hentry"],"_links":{"self":[{"href":"https:\/\/kahfguard.kahf.co\/tr\/wp-json\/wp\/v2\/pages\/4926","targetHints":{"allow":["GET"]}}],"collection":[{"href":"https:\/\/kahfguard.kahf.co\/tr\/wp-json\/wp\/v2\/pages"}],"about":[{"href":"https:\/\/kahfguard.kahf.co\/tr\/wp-json\/wp\/v2\/types\/page"}],"author":[{"embeddable":true,"href":"https:\/\/kahfguard.kahf.co\/tr\/wp-json\/wp\/v2\/users\/10"}],"replies":[{"embeddable":true,"href":"https:\/\/kahfguard.kahf.co\/tr\/wp-json\/wp\/v2\/comments?post=4926"}],"version-history":[{"count":0,"href":"https:\/\/kahfguard.kahf.co\/tr\/wp-json\/wp\/v2\/pages\/4926\/revisions"}],"wp:attachment":[{"href":"https:\/\/kahfguard.kahf.co\/tr\/wp-json\/wp\/v2\/media?parent=4926"}],"curies":[{"name":"wp","href":"https:\/\/api.w.org\/{rel}","templated":true}]}}